{"id":67,"date":"2015-06-02T20:11:25","date_gmt":"2015-06-02T18:11:25","guid":{"rendered":"http:\/\/ra.snakesoft.net\/?page_id=67"},"modified":"2022-09-25T11:15:51","modified_gmt":"2022-09-25T09:15:51","slug":"anfahrt","status":"publish","type":"page","link":"https:\/\/anwaltskanzlei-holler.de\/index.php\/anfahrt\/","title":{"rendered":"Anfahrt"},"content":{"rendered":"<p><strong>Anwaltskanzlei Holler<\/strong><br \/>\nRechtsanwalt Thomas Holler<br \/>\nMeesmannstra\u00dfe 46<br \/>\n58456 Witten<\/p>\n<hr \/>\n<p><strong>\u00d6ffentliche Verkehrsmittel<\/strong><br \/>\nMit den \u00f6ffentlichen Verkehrsmitteln ist die Anwaltskanzlei \u00fcber die Linien 320, 375 sowie 375E zu erreichen. Die Haltestelle Herbede-Mitte befindet sich nur wenige Minuten zu Fu\u00df\u00a0von der Anwaltskanzlei entfernt.<\/p>\n<p><strong>Mit Auto<br \/>\n<\/strong>Parkm\u00f6glichkeiten befinden sich \u00fcberall entlang der Stra\u00dfe vor jedem Gesch\u00e4ft.<\/p>\n","protected":false},"excerpt":{"rendered":"<p>Anwaltskanzlei Holler Rechtsanwalt Thomas Holler Meesmannstra\u00dfe 46 58456 Witten \u00d6ffentliche Verkehrsmittel Mit den \u00f6ffentlichen Verkehrsmitteln ist die Anwaltskanzlei \u00fcber die Linien 320, 375 sowie 375E zu erreichen. Die Haltestelle Herbede-Mitte befindet sich nur wenige Minuten zu Fu\u00df\u00a0von der Anwaltskanzlei entfernt. Mit Auto Parkm\u00f6glichkeiten befinden sich \u00fcberall entlang der Stra\u00dfe vor&#8230;<\/p>\n","protected":false},"author":1,"featured_media":351,"parent":0,"menu_order":9,"comment_status":"closed","ping_status":"open","template":"","meta":{"footnotes":""},"class_list":["post-67","page","type-page","status-publish","has-post-thumbnail","hentry"],"_links":{"self":[{"href":"https:\/\/anwaltskanzlei-holler.de\/index.php\/wp-json\/wp\/v2\/pages\/67","targetHints":{"allow":["GET"]}}],"collection":[{"href":"https:\/\/anwaltskanzlei-holler.de\/index.php\/wp-json\/wp\/v2\/pages"}],"about":[{"href":"https:\/\/anwaltskanzlei-holler.de\/index.php\/wp-json\/wp\/v2\/types\/page"}],"author":[{"embeddable":true,"href":"https:\/\/anwaltskanzlei-holler.de\/index.php\/wp-json\/wp\/v2\/users\/1"}],"replies":[{"embeddable":true,"href":"https:\/\/anwaltskanzlei-holler.de\/index.php\/wp-json\/wp\/v2\/comments?post=67"}],"version-history":[{"count":7,"href":"https:\/\/anwaltskanzlei-holler.de\/index.php\/wp-json\/wp\/v2\/pages\/67\/revisions"}],"predecessor-version":[{"id":480,"href":"https:\/\/anwaltskanzlei-holler.de\/index.php\/wp-json\/wp\/v2\/pages\/67\/revisions\/480"}],"wp:featuredmedia":[{"embeddable":true,"href":"https:\/\/anwaltskanzlei-holler.de\/index.php\/wp-json\/wp\/v2\/media\/351"}],"wp:attachment":[{"href":"https:\/\/anwaltskanzlei-holler.de\/index.php\/wp-json\/wp\/v2\/media?parent=67"}],"curies":[{"name":"wp","href":"https:\/\/api.w.org\/{rel}","templated":true}]}}