{"id":65,"date":"2015-06-02T20:10:25","date_gmt":"2015-06-02T18:10:25","guid":{"rendered":"http:\/\/ra.snakesoft.net\/?page_id=65"},"modified":"2020-05-26T19:17:09","modified_gmt":"2020-05-26T17:17:09","slug":"downloads","status":"publish","type":"page","link":"https:\/\/anwaltskanzlei-holler.de\/index.php\/downloads\/","title":{"rendered":"Downloads"},"content":{"rendered":"<p>Die allgemeinen Gesch\u00e4ftsbedingungen (AGB) k\u00f6nnen Sie sich hier herunterladen und durchlesen.<br \/><a href=\"https:\/\/www.anwaltskanzlei-holler.de\/wp-content\/uploads\/2015\/06\/AGB.pdf\">AGB.pdf<\/a><\/p>\n<p>Sie k\u00f6nnen sich hier ein Vollmachtformular herunterladen, ausf\u00fcllen und uns unterschrieben zuschicken.<br \/><a title=\"Datei herunterladen\" href=\"https:\/\/www.anwaltskanzlei-holler.de\/wp-content\/uploads\/2015\/06\/Vollmacht.pdf\">Vollmacht.pdf<\/a><\/p>\n<div align=\"left\">\u00a0<\/div>\n<div align=\"left\"><span class=\"S19\">Sie k\u00f6nnen sich hier das Hinweisblatt und das Formular zur Beantragung von Proze\u00dfkostenhilfe herunterladen, ausf\u00fcllen und uns unterschrieben zuschicken.<\/span><\/div>\n<p><a title=\"Datei herunterladen\" href=\"https:\/\/www.anwaltskanzlei-holler.de\/wp-content\/uploads\/2015\/06\/erkl_zp1a.pdf\">Prozesskostenhilfe.pdf<\/a><\/p>\n<div align=\"left\">\u00a0<\/div>\n<div align=\"left\"><span class=\"S19\">Sie k\u00f6nnen sich hier das Hinweisblatt und das Formular zur Beantragung von Beratungshilfe herunterladen, ausf\u00fcllen und uns unterschrieben zuschicken.<\/span><\/div>\n<p><a title=\"Datei herunterladen\" href=\"https:\/\/www.anwaltskanzlei-holler.de\/wp-content\/uploads\/2015\/06\/Beratungshilfe.pdf\">Beratungshilfe.pdf<\/a><\/p>\n<div align=\"left\">\u00a0<\/div>\n<div align=\"left\"><span class=\"S19\">Sie k\u00f6nnen sich hier das Formular zur Einbindung von der \u00e4rztlichen Schweigepflicht herunterladen, ausf\u00fcllen und uns unterschrieben zuschicken.<\/span><\/div>\n<p><a title=\"Datei herunterladen\" href=\"https:\/\/www.anwaltskanzlei-holler.de\/wp-content\/uploads\/2015\/06\/Schweigepflicht.pdf\">Schweigepflichtentbindung.pdf<\/a><\/p>\n<p>Bei einem Verkehrsunfall k\u00f6nnen Sie sich das unten stehende Formular herunterladen, ausf\u00fcllen und uns unterschrieben zuschicken.<br \/><a href=\"https:\/\/www.anwaltskanzlei-holler.de\/wp-content\/uploads\/2015\/06\/Verkehrsunfall1.pdf\">Verkehrsunfall.pdf<\/a><\/p>\n<p>Mandatsbedingungen<br \/><a href=\"https:\/\/anwaltskanzlei-holler.de\/wp-content\/uploads\/2020\/05\/Mandatsbedingungen-15.05.20.pdf\">Mandatsbedingungen-15.05.20.pdf<\/a><\/p>\n\n\n<p><\/p>\n","protected":false},"excerpt":{"rendered":"<p>Die allgemeinen Gesch\u00e4ftsbedingungen (AGB) k\u00f6nnen Sie sich hier herunterladen und durchlesen.AGB.pdf Sie k\u00f6nnen sich hier ein Vollmachtformular herunterladen, ausf\u00fcllen und uns unterschrieben zuschicken.Vollmacht.pdf \u00a0 Sie k\u00f6nnen sich hier das Hinweisblatt und das Formular zur Beantragung von Proze\u00dfkostenhilfe herunterladen, ausf\u00fcllen und uns unterschrieben zuschicken. Prozesskostenhilfe.pdf \u00a0 Sie k\u00f6nnen sich hier das&#8230;<\/p>\n","protected":false},"author":1,"featured_media":350,"parent":0,"menu_order":8,"comment_status":"closed","ping_status":"open","template":"","meta":{"footnotes":""},"class_list":["post-65","page","type-page","status-publish","has-post-thumbnail","hentry"],"_links":{"self":[{"href":"https:\/\/anwaltskanzlei-holler.de\/index.php\/wp-json\/wp\/v2\/pages\/65","targetHints":{"allow":["GET"]}}],"collection":[{"href":"https:\/\/anwaltskanzlei-holler.de\/index.php\/wp-json\/wp\/v2\/pages"}],"about":[{"href":"https:\/\/anwaltskanzlei-holler.de\/index.php\/wp-json\/wp\/v2\/types\/page"}],"author":[{"embeddable":true,"href":"https:\/\/anwaltskanzlei-holler.de\/index.php\/wp-json\/wp\/v2\/users\/1"}],"replies":[{"embeddable":true,"href":"https:\/\/anwaltskanzlei-holler.de\/index.php\/wp-json\/wp\/v2\/comments?post=65"}],"version-history":[{"count":16,"href":"https:\/\/anwaltskanzlei-holler.de\/index.php\/wp-json\/wp\/v2\/pages\/65\/revisions"}],"predecessor-version":[{"id":446,"href":"https:\/\/anwaltskanzlei-holler.de\/index.php\/wp-json\/wp\/v2\/pages\/65\/revisions\/446"}],"wp:featuredmedia":[{"embeddable":true,"href":"https:\/\/anwaltskanzlei-holler.de\/index.php\/wp-json\/wp\/v2\/media\/350"}],"wp:attachment":[{"href":"https:\/\/anwaltskanzlei-holler.de\/index.php\/wp-json\/wp\/v2\/media?parent=65"}],"curies":[{"name":"wp","href":"https:\/\/api.w.org\/{rel}","templated":true}]}}