{"id":295,"date":"2016-01-18T19:36:51","date_gmt":"2016-01-18T18:36:51","guid":{"rendered":"http:\/\/www.ra-holler.de\/?page_id=295"},"modified":"2021-03-09T10:47:59","modified_gmt":"2021-03-09T09:47:59","slug":"online-akteneinsicht","status":"publish","type":"page","link":"https:\/\/anwaltskanzlei-holler.de\/index.php\/online-beauftragung\/online-akteneinsicht\/","title":{"rendered":"Akteneinsicht"},"content":{"rendered":"<p><strong>Was hat es mit der Dienstleistung \u201e Online-Akteneinsicht\u201c auf sich. Wof\u00fcr braucht man das und was kostet so etwas?<\/strong><\/p>\n<p>Unsere Dienstleistung\u00a0 Online Akteneinsicht soll Ihnen zun\u00e4chst in unklaren F\u00e4llen, die Einschaltung eines Rechtsanwaltes erst mal ersparen, und Ihnen\u00a0 zun\u00e4chst die M\u00f6glichkeit geben, sich selbst einen Einblick \u00fcber den Ihnen zur Last gelegten Vorwurf zu erm\u00f6glichen.<\/p>\n<p><strong>Ganz nebenbei k\u00f6nnen Sie den Aktenauszug dann zu einem Anwalt Ihrer Wahl mitnehmen, wenn nicht gleich unsere Kanzlei Sie vertreten soll, so dass der Kollege bereits beim ersten Gespr\u00e4ch viel umfassender informiert ist als normal!!<\/strong><\/p>\n<p>Wichtig ist diese Akteneinsicht beispielsweise in folgenden F\u00e4llen:<\/p>\n<p>Sie haben Post von der Polizei, der Staatsanwaltschaft oder einer Beh\u00f6rde mit der Mitteilung erhalten, dass man gegen Sie ermittelt.<\/p>\n<p>Oder aber Sie erhalten eine Anh\u00f6rung im Bu\u00dfgeldverfahren oder in einem verwaltungsrechtlichen oder sonstigem Verfahren.<\/p>\n<p>Bevor Sie nun selbst etwas zur Sache sagen, ist dringend zu raten, sich zun\u00e4chst einen \u00dcberblick bez\u00fcglich des Verfahrensstandes zu verschaffen, damit Sie wissen, was man Ihnen \u00fcberhaupt vorwirft!!<\/p>\n<p>Durch die Beauftragung meiner Person haben Sie (im Rahmen der rechtlichen Zul\u00e4ssigkeit) die M\u00f6glichkeit zu einem <strong>Preis von 55 Euro zzgl. der jeweils geltenden MwSt sowie zzgl. 12 Euro Aktenversendungspauschale*<\/strong>\u00a0 erstmals Einblick in Ihre Ermittlungsakte zu bekommen.<\/p>\n<p>Das ist ihr gutes Recht als unbescholtener B\u00fcrger, das Sie auch nutzen sollten!!<\/p>\n<p>Erst hierdurch \u00a0k\u00f6nnen Sie feststellen, welcher konkrete Tatvorwurf gegen Sie erhoben wird und auf welche vorliegenden Beweismittel (Zeugenprotokolle, vorliegende Lichtbilder etc.) die Beh\u00f6rde die Ermittlungen st\u00fctzt.<\/p>\n<p>Die Beauftragung zur Einholung der Akte bezieht sich zun\u00e4chst nur auf diesen Vorgang.<\/p>\n<p>Erst nach Durchsicht der Akte entscheiden Sie, ob eine weitere Vertretung durch unsre Kanzlei erfolgt &#8211; ansonsten endet der Auftrag mit \u00dcbersendung der Akte an Sie.<\/p>\n<p><strong>Der Arbeitsaufwand f\u00fcr das Einscannen der ersten 50 Seiten, s\u00e4mtliche Beh\u00f6rdengeb\u00fchren sowie Versandkosten f\u00fcr den R\u00fcckversand der Originalakte per Einschreiben an die Beh\u00f6rde sind im Gesamtpreis von 55 Euro* enthalten. <\/strong><\/p>\n<p><strong>Sofern die Akte 50 Seiten \u00fcberschreitet, f\u00e4llt f\u00fcr jede weitere einzuscannende Seite ein Betrag von 0,25 Euro* f\u00fcr den erh\u00f6hten Arbeitsaufwand an.<\/strong><\/p>\n<p>Die <strong>alternative<\/strong> \u00dcbersendung der Akte in Papierform ist gegen Erstattung der Arbeitsaufwands-, Druck- und Portokosten in H\u00f6he von zus\u00e4tzlich 10 Euro* f\u00fcr die ersten 50 Seiten und f\u00fcr jede weitere Seite in H\u00f6he von 0,25 Euro* ebenfalls m\u00f6glich.<\/p>\n<p>Auch kann es in wenigen Ausnahmef\u00e4llen vorkommen, dass die Staatsanwaltschaften\/Beh\u00f6rden die Akten nur an das hiesige Gericht\/ die hiesige Staatsanwaltschaft \u00fcbersenden, d.h. die Akten m\u00fcssen dann dort abgeholt werden. Hierauf kann leider kein Einfluss genommen werden. F\u00fcr die Abholung f\u00e4llt dann eine Fahrtpauschale in H\u00f6he von weiteren 12 Euro* an.<br \/>\nSchlie\u00dflich bitte ich noch um Ber\u00fccksichtigung, dass die Kosten f\u00fcr die Einholung der Akten extrem knapp kalkuliert sind. Ich bitte daher um Verst\u00e4ndnis, dass die Beauftragung zun\u00e4chst keine telefonische Beratung beinhalten kann. S\u00e4mtliche f\u00fcr die Akteneinsicht erforderlichen Informationen werden auf Anfrage per E-Mail \u00fcbersandt. Sofern eine weitergehende Beratung gew\u00fcnscht wird, erfolgt diese dann gesondert.<\/p>\n<p>* zzgl. jeweils geltender MwSt<\/p>\n<p><strong><u>Und so l\u00e4uft die Beauftragung mit der Einholung der Ermittlungsakte ab:<\/u><\/strong><\/p>\n<p>1. Sofern Sie sich zur Beauftragung\u00a0entschlossen haben, bitte ich Sie, mir den Auftrag per <u>E-Mail<\/u> zukommen zu lassen. Im Anschluss \u00fcbersende ich Ihnen ebenfalls per E-Mail eine entsprechende Vollmacht zum Ausdrucken.<\/p>\n<p>2. Die Vollmacht bitte ich auszuf\u00fcllen (die pers\u00f6nlichen Daten k\u00f6nnen auch am PC ausgef\u00fcllt werden) und mir samt einer Kopie des beh\u00f6rdlichen\/polizeilichen Anh\u00f6rungsbogens bzw. Schreibens zu \u00fcbersenden. Die R\u00fcck\u00fcbersendung kann auch als Anhang per E-Mail erfolgen.<\/p>\n<p>Bitte teilen Sie mir auch mit, ob die \u00dcbersendung der Akte in elektronischer Form als PDF gen\u00fcgt, oder ob Sie die Akte zus\u00e4tzlich in Papierform w\u00fcnschen (zus\u00e4tzliche Druck- und Portokosten in H\u00f6he von\u00a012 Euro* f\u00fcr die ersten 50 Seiten sowie 0,25 Euro* f\u00fcr jede weitere Seite).<\/p>\n<p>3. Zugleich bitte ich Sie, den Betrag in H\u00f6he von 67,00<strong>\u00a0Euro*<\/strong> (bzw. 77,00 Euro* f\u00fcr \u00dcbersendung in Papierform) zu \u00fcberweisen. Geben Sie bitte bei der \u00dcberweisung Ihren Vor und nachnahmen und das Stichwort Onlineakteneinsicht an.<\/p>\n<p>4. Sobald das Geld auf dem Kanzleikonto eingegangen ist, die Vollmacht und der Anh\u00f6rungsbogen vorliegen, werde ich umgehend die Akteneinsicht beantragen.<\/p>\n<p>5. Nach \u00dcbersendung der Akte durch die Beh\u00f6rde, wird diese eingescannt und als PDF-Datei (ggf. zus\u00e4tzlich ausgedruckt in Papierform) an Sie \u00fcbersandt. Mit \u00dcbersendung der Akte erhalten Sie auch die Kostennote (Rechnung) f\u00fcr Ihre Unterlagen. Sofern die Akte 50 Seiten \u00fcberschreitet, teile ich Ihnen vorab noch die zus\u00e4tzlich anfallenden Kosten mit der Bitte um \u00dcberweisung mit (0,25 Euro* f\u00fcr jede 50 Seiten \u00fcberschreitende Seite.<\/p>\n<p>* zzgl. jeweils geltender MwSt<\/p>\n<hr \/>\n<form enctype=\"multipart\/form-data\" method=\"post\" id=\"psfb294\" action=\"https:\/\/anwaltskanzlei-holler.de\/index.php\/online-beauftragung\/online-akteneinsicht\/\" class=\"planso-form-builder\" data-id=\"294\" data-cnt=\"1\" id=\"planso_forms_294_1\" data-locale=\"de\" data-locale_long=\"de_DE\" data-datepicker=\"bootstrap-datetimepicker\" data-date_format=\"j. F Y\" data-moment_date_format=\"D. MMMM YYYY\" data-jqueryui_date_format=\"d. MM yy\" data-eternicode_date_format=\"d. MM yyyy\"><div class=\"container-fluid\"><input type=\"hidden\" name=\"psfb_pageurl\" value=\"https:\/\/anwaltskanzlei-holler.de\/index.php\/online-beauftragung\/online-akteneinsicht\/\"\/><input type=\"hidden\" name=\"psfb_userip\" value=\"216.73.216.179\"\/><input type=\"hidden\" name=\"psfb_useragent\" value=\"Mozilla\/5.0 AppleWebKit\/537.36 (KHTML, like Gecko; compatible; ClaudeBot\/1.0; +claudebot@anthropic.com)\"\/><input type=\"hidden\" name=\"psfb_landingpage\" value=\"http:\/\/anwaltskanzlei-holler.de\/index.php\/wp-json\/wp\/v2\/pages\/295\"\/><input type=\"hidden\" name=\"psfb_referer\" value=\"Direct\"\/><input type=\"hidden\" name=\"psfb_page_id\" value=\"295\"\/><input type=\"hidden\" name=\"psfb_form_submit\" value=\"1\"\/><input type=\"hidden\" name=\"psfb_form_id\" value=\"294\"\/><input type=\"hidden\" name=\"psfb_form_cnt\" value=\"1\"\/><div style=\"display:none\"><input type=\"text\" name=\"psfb_hon_as\"\/><\/div><div style=\"display:none\"><input type=\"text\" name=\"psfb_hon_as2\" id=\"psfb_hon_as2_294_1\" value=\"3d30fb8d4a0610918624f540fe7fe4bf\"\/><\/div><div style=\"display:none\"><input type=\"text\" name=\"psfb_cnt_check\" value=\"1\"\/><\/div><input type=\"hidden\" autocomplete=\"off\" autocorrect=\"off\" name=\"COk-T-fOu-h-m-C-G-y\" value=\"\" \/><div class=\"row\"><div class=\"col-md-12\"><div class=\"form-group psfb-single-container\"><label class=\"control-label\" for=\"psfield_294_1\">Name, Vorname<span class=\"psfb_required_mark\">*<\/span><\/label><input type=\"text\" required=\"required\" data-required=\"required\" name=\"Name__Vorname\" class=\"form-control  \" id=\"psfield_294_1\" style=\"\"\/><\/div><\/div><\/div><div class=\"row\"><div class=\"col-md-12\"><div class=\"form-group psfb-single-container\"><label class=\"control-label\" for=\"psfield_294_2\">Organisation\/Firma<\/label><input type=\"text\" name=\"Organisation_Firma\" class=\"form-control  \" id=\"psfield_294_2\" style=\"\"\/><\/div><\/div><\/div><div class=\"row\"><div class=\"col-md-12\"><div class=\"form-group psfb-single-container\"><label class=\"control-label\" for=\"psfield_294_3\">Stra\u00dfe<span class=\"psfb_required_mark\">*<\/span><\/label><input type=\"text\" required=\"required\" data-required=\"required\" name=\"Stra_e\" class=\"form-control  \" id=\"psfield_294_3\" style=\"\"\/><\/div><\/div><\/div><div class=\"row\"><div class=\"col-md-12\"><div class=\"form-group psfb-single-container\"><label class=\"control-label\" for=\"psfield_294_4\">PLZ<span class=\"psfb_required_mark\">*<\/span><\/label><input type=\"text\" required=\"required\" data-required=\"required\" name=\"PLZ\" class=\"form-control  \" id=\"psfield_294_4\" style=\"\"\/><\/div><\/div><\/div><div class=\"row\"><div class=\"col-md-12\"><div class=\"form-group psfb-single-container\"><label class=\"control-label\" for=\"psfield_294_5\">Ort<span class=\"psfb_required_mark\">*<\/span><\/label><input type=\"text\" required=\"required\" data-required=\"required\" name=\"Ort\" class=\"form-control  \" id=\"psfield_294_5\" style=\"\"\/><\/div><\/div><\/div><div class=\"row\"><div class=\"col-md-12\"><div class=\"form-group psfb-single-container\"><label class=\"control-label\" for=\"psfield_294_6\">E-Mail<span class=\"psfb_required_mark\">*<\/span><\/label><input type=\"email\" required=\"required\" data-required=\"required\" name=\"E_Mail\" class=\"form-control  \" id=\"psfield_294_6\" style=\"\"\/><\/div><\/div><\/div><div class=\"row\"><div class=\"col-md-12\"><div class=\"form-group psfb-single-container\"><label class=\"control-label\" for=\"psfield_294_7\">Telefax<\/label><input type=\"tel\" name=\"Telefax\" class=\"form-control  \" id=\"psfield_294_7\" style=\"\"\/><\/div><\/div><\/div><div class=\"row\"><div class=\"col-md-12\"><div class=\"form-group psfb-single-container\"><label class=\"control-label\" for=\"psfield_294_8\">Telefon<\/label><input type=\"tel\" name=\"Telefon\" class=\"form-control  \" id=\"psfield_294_8\" style=\"\"\/><\/div><\/div><\/div><div class=\"row\"><div class=\"col-md-12\"><div class=\"form-group psfb-single-container\"><label class=\"control-label\" for=\"psfield_294_9\">Beh\u00f6rde (inkl. Anschrift)<span class=\"psfb_required_mark\">*<\/span><\/label><input type=\"text\" required=\"required\" data-required=\"required\" name=\"Beh_rde__inkl__Anschrift_\" class=\"form-control  \" id=\"psfield_294_9\" style=\"\"\/><\/div><\/div><\/div><div class=\"row\"><div class=\"col-md-12\"><div class=\"form-group psfb-single-container\"><label class=\"control-label\" for=\"psfield_294_10\">Aktenzeichen<span class=\"psfb_required_mark\">*<\/span><\/label><input type=\"text\" required=\"required\" data-required=\"required\" name=\"Aktenzeichen\" class=\"form-control  \" id=\"psfield_294_10\" style=\"\"\/><\/div><\/div><\/div><div class=\"row\"><div class=\"col-md-12\"><div class=\"form-group psfb-single-container\"><label class=\"control-label\" for=\"psfield_294_11\">Ich bin bereits Mandant<span class=\"psfb_required_mark\">*<\/span><\/label><div class=\"radio_wrapper\"><label class=\"radio-inline radio_wrapper\" style=\"\"><input required=\"required\" data-required=\"required\" type=\"radio\" value=\"Ja\" name=\"Ich_bin_bereits_Mandant\" id=\"psfield_294_11_1\">Ja<\/label><label class=\"radio-inline radio_wrapper\" style=\"\"><input required=\"required\" data-required=\"required\" type=\"radio\" value=\"Nein\" name=\"Ich_bin_bereits_Mandant\" id=\"psfield_294_11_2\">Nein<\/label><\/div><\/div><\/div><\/div><div class=\"row\"><div class=\"col-md-12\"><div class=\"form-group psfb-single-container\"><label class=\"control-label\" for=\"psfield_294_12\">Rechtsschutz vorhanden<span class=\"psfb_required_mark\">*<\/span><\/label><div class=\"radio_wrapper\"><label class=\"radio-inline radio_wrapper\" style=\"\"><input required=\"required\" data-required=\"required\" type=\"radio\" value=\"Ja\" name=\"Rechtsschutz_vorhanden\" id=\"psfield_294_12_1\">Ja<\/label><label class=\"radio-inline radio_wrapper\" style=\"\"><input required=\"required\" data-required=\"required\" type=\"radio\" value=\"Nein\" name=\"Rechtsschutz_vorhanden\" id=\"psfield_294_12_2\">Nein<\/label><\/div><\/div><\/div><\/div><div class=\"row\"><div class=\"col-md-12\"><div class=\"form-group psfb-single-container\"><label class=\"control-label\" for=\"psfield_294_13\">Ich habe die Allgemeinen Gesch\u00e4ftsbedingungen f\u00fcr eine Online-Vertretung gelesen und verstanden<span class=\"psfb_required_mark\">*<\/span><\/label><div class=\"radio_wrapper\"><label class=\"radio-inline radio_wrapper\" style=\"\"><input required=\"required\" data-required=\"required\" type=\"radio\" value=\"Ja\" name=\"Ich_habe_die_Allgemeinen_Gesch_ftsbedingungen_f_r_eine_Online_Vertretung_gelesen_und_verstanden\" id=\"psfield_294_13_1\">Ja<\/label><label class=\"radio-inline radio_wrapper\" style=\"\"><input required=\"required\" data-required=\"required\" type=\"radio\" value=\"Nein\" name=\"Ich_habe_die_Allgemeinen_Gesch_ftsbedingungen_f_r_eine_Online_Vertretung_gelesen_und_verstanden\" id=\"psfield_294_13_2\">Nein<\/label><\/div><p class=\"help-block\">AGB &amp; Widerrufsrecht finden Sie <a href=\"http:\/\/www.ra-holler.de\/index.php\/online-beauftragung\/agb-widerrufsrecht\/\">hier<\/a>.<\/p><\/div><\/div><\/div><div class=\"row\"><div class=\"col-md-12\"><div class=\"form-group psfb-single-container\"><label class=\"control-label\" for=\"psfield_294_14\">Ich habe die Widerrufsbelehrung f\u00fcr Verbraucher i.S. des \u00a7 13 BGB gelesen und meine Rechte verstanden<span class=\"psfb_required_mark\">*<\/span><\/label><div class=\"radio_wrapper\"><label class=\"radio-inline radio_wrapper\" style=\"\"><input required=\"required\" data-required=\"required\" type=\"radio\" value=\"Ja\" name=\"Ich_habe_die_Widerrufsbelehrung_f_r_Verbraucher_i_S__des___13_BGB_gelesen_und_meine_Rechte_verstanden\" id=\"psfield_294_14_1\">Ja<\/label><label class=\"radio-inline radio_wrapper\" style=\"\"><input required=\"required\" data-required=\"required\" type=\"radio\" value=\"Nein\" name=\"Ich_habe_die_Widerrufsbelehrung_f_r_Verbraucher_i_S__des___13_BGB_gelesen_und_meine_Rechte_verstanden\" id=\"psfield_294_14_2\">Nein<\/label><\/div><p class=\"help-block\">AGB &amp; Widerrufsrecht finden Sie <a href=\"http:\/\/www.ra-holler.de\/index.php\/online-beauftragung\/agb-widerrufsrecht\/\">hier<\/a>.<\/p><\/div><\/div><\/div><div class=\"row\"><div class=\"col-md-12\"><div class=\"form-group psfb-single-container\"><div style=\"position:relative;z-index:1;\"><button type=\"submit\" class=\"btn btn-primary\" id=\"psfield_294_15\" style=\"\">Senden<\/button><\/div><\/div><\/div><\/div><\/div><\/form>\n","protected":false},"excerpt":{"rendered":"<p>Was hat es mit der Dienstleistung \u201e Online-Akteneinsicht\u201c auf sich. Wof\u00fcr braucht man das und was kostet so etwas? Unsere Dienstleistung\u00a0 Online Akteneinsicht soll Ihnen zun\u00e4chst in unklaren F\u00e4llen, die Einschaltung eines Rechtsanwaltes erst mal ersparen, und Ihnen\u00a0 zun\u00e4chst die M\u00f6glichkeit geben, sich selbst einen Einblick \u00fcber den Ihnen zur&#8230;<\/p>\n","protected":false},"author":1,"featured_media":0,"parent":54,"menu_order":1,"comment_status":"closed","ping_status":"closed","template":"","meta":{"footnotes":""},"class_list":["post-295","page","type-page","status-publish","hentry"],"_links":{"self":[{"href":"https:\/\/anwaltskanzlei-holler.de\/index.php\/wp-json\/wp\/v2\/pages\/295","targetHints":{"allow":["GET"]}}],"collection":[{"href":"https:\/\/anwaltskanzlei-holler.de\/index.php\/wp-json\/wp\/v2\/pages"}],"about":[{"href":"https:\/\/anwaltskanzlei-holler.de\/index.php\/wp-json\/wp\/v2\/types\/page"}],"author":[{"embeddable":true,"href":"https:\/\/anwaltskanzlei-holler.de\/index.php\/wp-json\/wp\/v2\/users\/1"}],"replies":[{"embeddable":true,"href":"https:\/\/anwaltskanzlei-holler.de\/index.php\/wp-json\/wp\/v2\/comments?post=295"}],"version-history":[{"count":7,"href":"https:\/\/anwaltskanzlei-holler.de\/index.php\/wp-json\/wp\/v2\/pages\/295\/revisions"}],"predecessor-version":[{"id":464,"href":"https:\/\/anwaltskanzlei-holler.de\/index.php\/wp-json\/wp\/v2\/pages\/295\/revisions\/464"}],"up":[{"embeddable":true,"href":"https:\/\/anwaltskanzlei-holler.de\/index.php\/wp-json\/wp\/v2\/pages\/54"}],"wp:attachment":[{"href":"https:\/\/anwaltskanzlei-holler.de\/index.php\/wp-json\/wp\/v2\/media?parent=295"}],"curies":[{"name":"wp","href":"https:\/\/api.w.org\/{rel}","templated":true}]}}