{"id":290,"date":"2016-01-18T19:18:27","date_gmt":"2016-01-18T18:18:27","guid":{"rendered":"http:\/\/www.ra-holler.de\/?page_id=290"},"modified":"2016-01-21T18:28:40","modified_gmt":"2016-01-21T17:28:40","slug":"allgemeine-strafsachen","status":"publish","type":"page","link":"https:\/\/anwaltskanzlei-holler.de\/index.php\/online-beauftragung\/allgemeine-strafsachen\/","title":{"rendered":"Allgemeine Strafsachen"},"content":{"rendered":"<h2>Online-Vertretung im Strafverfahren<\/h2>\n<p>Geht das \u00fcberhaupt? Sicherlich werden sie sich als erstes diese Frage stellen, wenn ihnen eine Straftat vorgeworfen wird und Sie im Internet auf unsere Kanzlei und unsere Seite gesto\u00dfen sind in der wir Ihnen eine \u201eonline Vertretung im Strafverfahren\u201c als preiswertere und schnelle Alternative vielleicht zum ortsans\u00e4ssigen Anwalt \u201cum die Ecke\u201c anbieten.<\/p>\n<h3><strong>Ja das geht!!! <\/strong><\/h3>\n<p>Wenn Sie uns, von wo aus auch immer, mit der Vertretung ihrer Interessen in einer Strafsache beauftragen, so haben sie zun\u00e4chst die M\u00f6glichkeit uns alles bis ins Detail in Form eines E-Mails mitzuteilen.<\/p>\n<p>Die Erfahrung hat gezeigt dass man hier weit weniger vergisst als wenn man bei einem Anwalt einen kurzen Besprechungstermin hat. Man kann sich zu Hause in aller Ruhe den Sachverhalt nochmals durch den Kopf gehen lassen und bekommt bereits beim Schreiben des E-Mails an uns eine erste Ordnung der Gedanken, die wir nat\u00fcrlich sp\u00e4ter brauchen um eine \u201ehandfeste\u201c Verteidigung f\u00fcr Sie durchf\u00fchren zu k\u00f6nnen.<\/p>\n<p>Nachdem Sie uns den Sachverhalt geschildert haben, gegebenenfalls uns auch per E-Mail schon erste Unterlagen, wie etwa Schreiben der Staatsanwaltschaft oder Polizei oder \u00e4hnliches zur Verf\u00fcgung gestellt haben, pr\u00fcfen wir zun\u00e4chst den Sachverhalt.<\/p>\n<p><strong><u>Dies ist f\u00fcr sie noch unverbindlich und kostenlos. <\/u><\/strong><\/p>\n<p>1.) Nunmehr allerdings beginnt unsere T\u00e4tigkeit, in dem ihr n\u00e4mlich Akteneinsicht nehmen was die Grundvoraussetzung f\u00fcr eine Rechtsverteidigung ist.<\/p>\n<p>Wenn Sie selbst sich nunmehr einen eigenen Eindruck verschaffen wollen, gegebenenfalls auch einen Anwalt in ihrer N\u00e4he aufsuchen wollen, bietet es sich an, dass sie uns zun\u00e4chst nur mit der Akten Einsichtnahme beauftragen(siehe unser Modul \u201eOnline Akteneinsicht\u201c).<\/p>\n<p>Dies ist der preiswerteste Weg f\u00fcr Sie und sie k\u00f6nnen dann entscheiden, ob sie uns weiter mit der anwaltlichen Vertretung beauftragen oder selbst oder durch einen Anwalt in Ihrer N\u00e4he die weitere Verteidigung fortf\u00fchren.<\/p>\n<hr \/>\n<p>2.) Gerne sind wir bereit f\u00fcr sie die weitere Strafverteidigung zu \u00fcbernehmen. Da zun\u00e4chst nach der Akteneinsicht ohnehin das meiste schriftlich oder telefonisch geschieht, spielt es eigentlich keine gro\u00dfe Rolle, ob sie in Bayern oder Hamburg oder den neuen Bundesl\u00e4ndern wohnen. Die modernen Kommunikationsmittel gleichen dies vollst\u00e4ndig aus.<\/p>\n<p>F\u00fcr diese Vertretung w\u00fcrden wir Ihnen einen verbindlichen Kosten Voranschlag \u00fcbersenden der s\u00e4mtliche Gespr\u00e4che und Mails mit Ihnen bis zur Fertigung einer Verteidigungsschrift, der sogenannten \u201eEinlassung\u201c beinhaltet.<\/p>\n<p>Wenn Sie mit den hierf\u00fcr anfallenden geteilten Kosten einverstanden sind \u00fcbersenden Sie uns eine entsprechende Vollmacht und zahlen einen von uns dann angeforderten Kostenvorschuss ein und wir \u201clegen los\u201c.<\/p>\n<p>Sollte es uns nicht gelingen die Staatsanwaltschaft von ihrer Unschuld zu \u00fcberzeugen oder sollten wir keine, nat\u00fcrlich mit Ihnen vorab besprochene Einstellung des Verfahrens gegen entweder keine Bu\u00dfe oder eine \u201evertretbare\u201c Geldbu\u00dfe erzielen k\u00f6nnen, geht die Sache in der sogenannte gerichtliche Hauptverfahren \u00fcber.<\/p>\n<hr \/>\n<p>3.) Auch in diesem Verfahren werden wir sie bundesweit vertreten, weil wir \u00fcber ein Netzwerk von uns, als mindestens fachlich ebenso kompetent wie wir selbst, bekannten Anw\u00e4lten verf\u00fcgen, mit denen wir f\u00fcr Sie meist f\u00fcr die m\u00fcndliche Hauptverhandlung einen g\u00fcnstigeren Tarif aushandeln k\u00f6nnen, als ihnen dies gel\u00e4nge. Dadurch k\u00f6nnen wir Ihnen auch f\u00fcr die Vertretung in der m\u00fcndlichen Hauptverhandlung meist einen g\u00fcnstigeren Preis anbieten, als dies \u00fcblicherweise auch ortsans\u00e4ssige Anw\u00e4lte im Wege der Honorar Vereinbarung mit Ihnen machen w\u00fcrden.<\/p>\n<p>Diese Kollegen die sie dann vor Ort vertreten nehmen sich stets die Zeit, von der Verhandlung mit Ihnen nochmals alles durchzusprechen und stehen auch jederzeit w\u00e4hrend der Gerichtsverhandlung f\u00fcr eventuelle R\u00fccksprache mit uns telefonisch in Verbindung.<\/p>\n<p>Aber auch hier legen wir gr\u00f6\u00dften Wert bez\u00fcglich der Kosten das absolute Klarheit und Transparenz besteht und teilen auch Ihnen hier vorher mit, was die Vertretung in der Hauptverhandlung kostet. Letztlich h\u00e4ngt dies auch vom Tatvorwurf, von der Instanz, sowie s\u00e4mtliche weiteren nach den RVG zu ber\u00fccksichtigenden Umst\u00e4nden ab.<\/p>\n<p>&nbsp;<\/p>\n<p>Wenn Sie also diesbez\u00fcglich mit uns in Kontakt treten wollen, so f\u00fcllen Sie bitte nachstehendes Formular aus:<\/p>\n<p>&nbsp;<\/p>\n<form enctype=\"multipart\/form-data\" method=\"post\" id=\"psfb240\" action=\"https:\/\/anwaltskanzlei-holler.de\/index.php\/online-beauftragung\/allgemeine-strafsachen\/\" class=\"planso-form-builder\" data-id=\"240\" data-cnt=\"1\" id=\"planso_forms_240_1\" data-locale=\"de\" data-locale_long=\"de_DE\" data-datepicker=\"bootstrap-datetimepicker\" data-date_format=\"j. F Y\" data-moment_date_format=\"D. MMMM YYYY\" data-jqueryui_date_format=\"d. MM yy\" data-eternicode_date_format=\"d. MM yyyy\"><div class=\"container-fluid\"><input type=\"hidden\" name=\"psfb_pageurl\" value=\"https:\/\/anwaltskanzlei-holler.de\/index.php\/online-beauftragung\/allgemeine-strafsachen\/\"\/><input type=\"hidden\" name=\"psfb_userip\" value=\"216.73.217.116\"\/><input type=\"hidden\" name=\"psfb_useragent\" value=\"Mozilla\/5.0 AppleWebKit\/537.36 (KHTML, like Gecko; compatible; ClaudeBot\/1.0; +claudebot@anthropic.com)\"\/><input type=\"hidden\" name=\"psfb_landingpage\" value=\"http:\/\/anwaltskanzlei-holler.de\/index.php\/wp-json\/wp\/v2\/pages\/290\"\/><input type=\"hidden\" name=\"psfb_referer\" value=\"Direct\"\/><input type=\"hidden\" name=\"psfb_page_id\" value=\"290\"\/><input type=\"hidden\" name=\"psfb_form_submit\" value=\"1\"\/><input type=\"hidden\" name=\"psfb_form_id\" value=\"240\"\/><input type=\"hidden\" name=\"psfb_form_cnt\" value=\"1\"\/><div style=\"display:none\"><input type=\"text\" name=\"psfb_hon_as\"\/><\/div><div style=\"display:none\"><input type=\"text\" name=\"psfb_hon_as2\" id=\"psfb_hon_as2_240_1\" value=\"68b44448232c5a722d9c9ec90add8784\"\/><\/div><div style=\"display:none\"><input type=\"text\" name=\"psfb_cnt_check\" value=\"1\"\/><\/div><input type=\"hidden\" autocomplete=\"off\" autocorrect=\"off\" name=\"COk-T-fOu-h-m-C-G-y\" value=\"\" \/><div class=\"row\"><div class=\"col-md-12\"><div class=\"form-group psfb-single-container\"><label class=\"control-label\" for=\"psfield_240_1\">Name, Vorname<span class=\"psfb_required_mark\">*<\/span><\/label><input type=\"text\" required=\"required\" data-required=\"required\" name=\"Name__Vorname\" value=\"\" class=\"form-control  \" id=\"psfield_240_1\" style=\"\"\/><\/div><\/div><\/div><div class=\"row\"><div class=\"col-md-12\"><div class=\"form-group psfb-single-container\"><label class=\"control-label\" for=\"psfield_240_2\">Organisation\/Firma<\/label><input type=\"text\" name=\"Organisation_Firma\" value=\"\" class=\"form-control  \" id=\"psfield_240_2\" style=\"\"\/><\/div><\/div><\/div><div class=\"row\"><div class=\"col-md-12\"><div class=\"form-group psfb-single-container\"><label class=\"control-label\" for=\"psfield_240_3\">Stra\u00dfe<span class=\"psfb_required_mark\">*<\/span><\/label><input type=\"text\" required=\"required\" data-required=\"required\" name=\"Stra_e\" value=\"\" class=\"form-control  \" id=\"psfield_240_3\" style=\"\"\/><\/div><\/div><\/div><div class=\"row\"><div class=\"col-md-12\"><div class=\"form-group psfb-single-container\"><label class=\"control-label\" for=\"psfield_240_4\">PLZ<span class=\"psfb_required_mark\">*<\/span><\/label><input type=\"text\" required=\"required\" data-required=\"required\" name=\"PLZ\" value=\"\" class=\"form-control  \" id=\"psfield_240_4\" style=\"\"\/><\/div><\/div><\/div><div class=\"row\"><div class=\"col-md-12\"><div class=\"form-group psfb-single-container\"><label class=\"control-label\" for=\"psfield_240_5\">Ort<span class=\"psfb_required_mark\">*<\/span><\/label><input type=\"text\" required=\"required\" data-required=\"required\" name=\"Ort\" value=\"\" class=\"form-control  \" id=\"psfield_240_5\" style=\"\"\/><\/div><\/div><\/div><div class=\"row\"><div class=\"col-md-12\"><div class=\"form-group psfb-single-container\"><label class=\"control-label\" for=\"psfield_240_6\">E-Mail<span class=\"psfb_required_mark\">*<\/span><\/label><input type=\"email\" required=\"required\" data-required=\"required\" name=\"E_Mail\" value=\"\" class=\"form-control  \" id=\"psfield_240_6\" style=\"\"\/><\/div><\/div><\/div><div class=\"row\"><div class=\"col-md-12\"><div class=\"form-group psfb-single-container\"><label class=\"control-label\" for=\"psfield_240_7\">Fax<\/label><input type=\"tel\" name=\"Fax\" value=\"\" class=\"form-control  \" id=\"psfield_240_7\" style=\"\"\/><\/div><\/div><\/div><div class=\"row\"><div class=\"col-md-12\"><div class=\"form-group psfb-single-container\"><label class=\"control-label\" for=\"psfield_240_8\">Telefon<\/label><input type=\"tel\" name=\"Telefon\" value=\"\" class=\"form-control  \" id=\"psfield_240_8\" style=\"\"\/><\/div><\/div><\/div><div class=\"row\"><div class=\"col-md-12\"><div class=\"form-group psfb-single-container\"><label class=\"control-label\" for=\"psfield_240_9\">Aufnehmende Beh\u00f6rde<span class=\"psfb_required_mark\">*<\/span><\/label><div class=\"radio_wrapper\"><label class=\"radio-inline radio_wrapper\" style=\"\"><input required=\"required\" data-required=\"required\" type=\"radio\" value=\"Polizei\" name=\"Aufnehmende_Beh_rde\" id=\"psfield_240_9_1\">Polizei<\/label><label class=\"radio-inline radio_wrapper\" style=\"\"><input required=\"required\" data-required=\"required\" type=\"radio\" value=\"Staatsanwaltschaft\" name=\"Aufnehmende_Beh_rde\" id=\"psfield_240_9_2\">Staatsanwaltschaft<\/label><\/div><\/div><\/div><\/div><div class=\"row\"><div class=\"col-md-12\"><div class=\"form-group psfb-single-container\"><label class=\"control-label\" for=\"psfield_240_10\">Beh\u00f6rde Stra\u00dfe<span class=\"psfb_required_mark\">*<\/span><\/label><input type=\"text\" required=\"required\" data-required=\"required\" name=\"Beh_rde_Stra_e\" value=\"\" class=\"form-control  \" id=\"psfield_240_10\" style=\"\"\/><\/div><\/div><\/div><div class=\"row\"><div class=\"col-md-12\"><div class=\"form-group psfb-single-container\"><label class=\"control-label\" for=\"psfield_240_11\">Beh\u00f6rde PLZ<span class=\"psfb_required_mark\">*<\/span><\/label><input type=\"text\" required=\"required\" data-required=\"required\" name=\"Beh_rde_PLZ\" value=\"\" class=\"form-control  \" id=\"psfield_240_11\" style=\"\"\/><\/div><\/div><\/div><div class=\"row\"><div class=\"col-md-12\"><div class=\"form-group psfb-single-container\"><label class=\"control-label\" for=\"psfield_240_12\">Beh\u00f6rde Ort<span class=\"psfb_required_mark\">*<\/span><\/label><input type=\"text\" required=\"required\" data-required=\"required\" name=\"Beh_rde_Ort\" value=\"\" class=\"form-control  \" id=\"psfield_240_12\" style=\"\"\/><\/div><\/div><\/div><div class=\"row\"><div class=\"col-md-12\"><div class=\"form-group psfb-single-container\"><label class=\"control-label\" for=\"psfield_240_13\">Aktenzeichen<span class=\"psfb_required_mark\">*<\/span><\/label><input type=\"text\" required=\"required\" data-required=\"required\" name=\"Aktenzeichen\" value=\"\" class=\"form-control  \" id=\"psfield_240_13\" style=\"\"\/><\/div><\/div><\/div><div class=\"row\"><div class=\"col-md-12\"><div class=\"form-group psfb-single-container\"><label class=\"control-label\" for=\"psfield_240_14\">Ich bin bereits Mandant<span class=\"psfb_required_mark\">*<\/span><\/label><div class=\"radio_wrapper\"><label class=\"radio-inline radio_wrapper\" style=\"\"><input required=\"required\" data-required=\"required\" type=\"radio\" value=\"Ja\" name=\"Ich_bin_bereits_Mandant\" id=\"psfield_240_14_1\">Ja<\/label><label class=\"radio-inline radio_wrapper\" style=\"\"><input required=\"required\" data-required=\"required\" type=\"radio\" value=\"Nein\" name=\"Ich_bin_bereits_Mandant\" id=\"psfield_240_14_2\">Nein<\/label><\/div><\/div><\/div><\/div><div class=\"row\"><div class=\"col-md-12\"><div class=\"form-group psfb-single-container\"><label class=\"control-label\" for=\"psfield_240_15\">Rechtsschutz vorhanden<span class=\"psfb_required_mark\">*<\/span><\/label><div class=\"radio_wrapper\"><label class=\"radio-inline radio_wrapper\" style=\"\"><input required=\"required\" data-required=\"required\" type=\"radio\" value=\"Ja\" name=\"Rechtsschutz_vorhanden\" id=\"psfield_240_15_1\">Ja<\/label><label class=\"radio-inline radio_wrapper\" style=\"\"><input required=\"required\" data-required=\"required\" type=\"radio\" value=\"Nein\" name=\"Rechtsschutz_vorhanden\" id=\"psfield_240_15_2\">Nein<\/label><\/div><\/div><\/div><\/div><div class=\"row\"><div class=\"col-md-12\"><div class=\"form-group psfb-single-container\"><label class=\"control-label\" for=\"psfield_240_16\">Name der Rechtsschutzversicherung<\/label><input type=\"text\" name=\"Name_der_Rechtsschutzversicherung\" value=\"\" class=\"form-control  \" id=\"psfield_240_16\" style=\"\"\/><\/div><\/div><\/div><div class=\"row\"><div class=\"col-md-12\"><div class=\"form-group psfb-single-container\"><label class=\"control-label\" for=\"psfield_240_17\">Versicherungsnummer<\/label><input type=\"text\" name=\"Versicherungsnummer\" value=\"\" class=\"form-control  \" id=\"psfield_240_17\" style=\"\"\/><\/div><\/div><\/div><div class=\"row\"><div class=\"col-md-12\"><div class=\"form-group psfb-single-container\"><label class=\"control-label\" for=\"psfield_240_18\">Ich habe die Datenschutzerkl\u00e4rung gelesen und verstanden<span class=\"psfb_required_mark\">*<\/span><\/label><div class=\"radio_wrapper\"><label class=\"radio-inline radio_wrapper\" style=\"\"><input required=\"required\" data-required=\"required\" type=\"radio\" value=\"Ja\" name=\"Ich_habe_die_Datenschutzerkl_rung_gelesen_und_verstanden\" id=\"psfield_240_18_1\">Ja<\/label><label class=\"radio-inline radio_wrapper\" style=\"\"><input required=\"required\" data-required=\"required\" type=\"radio\" value=\"Nein\" name=\"Ich_habe_die_Datenschutzerkl_rung_gelesen_und_verstanden\" id=\"psfield_240_18_2\">Nein<\/label><\/div><\/div><\/div><\/div><div class=\"row\"><div class=\"col-md-12\"><div class=\"form-group psfb-single-container\"><label class=\"control-label\" for=\"psfield_240_19\">Ich habe die Allgemeinen Gesch\u00e4ftsbedingen f\u00fcr eine Online-Vertretung gelesen und verstanden<span class=\"psfb_required_mark\">*<\/span><\/label><div class=\"radio_wrapper\"><label class=\"radio-inline radio_wrapper\" style=\"\"><input required=\"required\" data-required=\"required\" type=\"radio\" value=\"Ja\" name=\"Ich_habe_die_Allgemeinen_Gesch_ftsbedingen_f_r_eine_Online_Vertretung_gelesen_und_verstanden\" id=\"psfield_240_19_1\">Ja<\/label><label class=\"radio-inline radio_wrapper\" style=\"\"><input required=\"required\" data-required=\"required\" type=\"radio\" value=\"Nein\" name=\"Ich_habe_die_Allgemeinen_Gesch_ftsbedingen_f_r_eine_Online_Vertretung_gelesen_und_verstanden\" id=\"psfield_240_19_2\">Nein<\/label><\/div><p class=\"help-block\">AGB &amp; Widerrufsrecht finden Sie <a href=\"http:\/\/www.ra-holler.de\/index.php\/online-beauftragung\/agb-widerrufsrecht\/\">hier<\/a>.<\/p><\/div><\/div><\/div><div class=\"row\"><div class=\"col-md-12\"><div class=\"form-group psfb-single-container\"><label class=\"control-label\" for=\"psfield_240_20\">Ich habe die Widerrufsbelehrung f\u00fcr Verbraucher i.S. des \u00a7 13 BGB gelesen und meine Rechte verstanden<span class=\"psfb_required_mark\">*<\/span><\/label><div class=\"radio_wrapper\"><label class=\"radio-inline radio_wrapper\" style=\"\"><input required=\"required\" data-required=\"required\" type=\"radio\" value=\"Ja\" name=\"Ich_habe_die_Widerrufsbelehrung_f_r_Verbraucher_i_S__des___13_BGB_gelesen_und_meine_Rechte_verstanden\" id=\"psfield_240_20_1\">Ja<\/label><label class=\"radio-inline radio_wrapper\" style=\"\"><input required=\"required\" data-required=\"required\" type=\"radio\" value=\"Nein\" name=\"Ich_habe_die_Widerrufsbelehrung_f_r_Verbraucher_i_S__des___13_BGB_gelesen_und_meine_Rechte_verstanden\" id=\"psfield_240_20_2\">Nein<\/label><\/div><p class=\"help-block\">AGB &amp; Widerrufsrecht finden Sie <a href=\"http:\/\/www.ra-holler.de\/index.php\/online-beauftragung\/agb-widerrufsrecht\/\">hier<\/a>.<\/p><\/div><\/div><\/div><div class=\"row\"><div class=\"col-md-12\"><div class=\"form-group psfb-single-container\"><div style=\"position:relative;z-index:1;\"><button type=\"submit\" class=\"btn btn-primary  \" id=\"psfield_240_21\" style=\"\">Senden<\/button><\/div><\/div><\/div><\/div><\/div><\/form>\n","protected":false},"excerpt":{"rendered":"<p>Online-Vertretung im Strafverfahren Geht das \u00fcberhaupt? Sicherlich werden sie sich als erstes diese Frage stellen, wenn ihnen eine Straftat vorgeworfen wird und Sie im Internet auf unsere Kanzlei und unsere Seite gesto\u00dfen sind in der wir Ihnen eine \u201eonline Vertretung im Strafverfahren\u201c als preiswertere und schnelle Alternative vielleicht zum ortsans\u00e4ssigen&#8230;<\/p>\n","protected":false},"author":1,"featured_media":0,"parent":54,"menu_order":2,"comment_status":"closed","ping_status":"closed","template":"","meta":{"footnotes":""},"class_list":["post-290","page","type-page","status-publish","hentry"],"_links":{"self":[{"href":"https:\/\/anwaltskanzlei-holler.de\/index.php\/wp-json\/wp\/v2\/pages\/290","targetHints":{"allow":["GET"]}}],"collection":[{"href":"https:\/\/anwaltskanzlei-holler.de\/index.php\/wp-json\/wp\/v2\/pages"}],"about":[{"href":"https:\/\/anwaltskanzlei-holler.de\/index.php\/wp-json\/wp\/v2\/types\/page"}],"author":[{"embeddable":true,"href":"https:\/\/anwaltskanzlei-holler.de\/index.php\/wp-json\/wp\/v2\/users\/1"}],"replies":[{"embeddable":true,"href":"https:\/\/anwaltskanzlei-holler.de\/index.php\/wp-json\/wp\/v2\/comments?post=290"}],"version-history":[{"count":3,"href":"https:\/\/anwaltskanzlei-holler.de\/index.php\/wp-json\/wp\/v2\/pages\/290\/revisions"}],"predecessor-version":[{"id":333,"href":"https:\/\/anwaltskanzlei-holler.de\/index.php\/wp-json\/wp\/v2\/pages\/290\/revisions\/333"}],"up":[{"embeddable":true,"href":"https:\/\/anwaltskanzlei-holler.de\/index.php\/wp-json\/wp\/v2\/pages\/54"}],"wp:attachment":[{"href":"https:\/\/anwaltskanzlei-holler.de\/index.php\/wp-json\/wp\/v2\/media?parent=290"}],"curies":[{"name":"wp","href":"https:\/\/api.w.org\/{rel}","templated":true}]}}