{"id":288,"date":"2016-01-18T19:17:53","date_gmt":"2016-01-18T18:17:53","guid":{"rendered":"http:\/\/www.ra-holler.de\/?page_id=288"},"modified":"2016-01-21T17:45:21","modified_gmt":"2016-01-21T16:45:21","slug":"quick-rechtsberatung","status":"publish","type":"page","link":"https:\/\/anwaltskanzlei-holler.de\/index.php\/online-beauftragung\/quick-rechtsberatung\/","title":{"rendered":"Quick-Rechtsberatung"},"content":{"rendered":"<p>Sie haben ein rechtliches Problem und wollen die Meinung eines Rechtsanwaltes wissen, ohne gleich ein \u201eErstberatungsgespr\u00e4ch\u201c von \u00fcber 200 EUR bei einem Ihnen unbekannten Anwalt zahlen zu m\u00fcssen und\u00a0dabei wom\u00f6glich noch zwei Wochen auf einen Termin zu warten.<\/p>\n<p><b>Die Online-Rechtsberatung<\/b> ist eine neu Art des anwaltlichen Beratungsgespr\u00e4chs \u00a0bei der der Mandant \u00a0ausschlie\u00dflich oder zumindest haupts\u00e4chlich im Wege des Internets mit seinem Anwalt in Kontakt tritt. F\u00fcr die Online-Rechtsberatung gelten selbstverst\u00e4ndlich dieselben berufsrechtlichen Vorschriften wie bei klassischen Beratungsgespr\u00e4ch.<\/p>\n<p><span style=\"color: #3366ff;\">Allerdings geht dies schneller und ist preiswerter. Gerade wenn man mal eine schnelle Antwort braucht, oder einen Anwalt &#8222;\u00fcber einen Mietvertrag oder GANZ WICHTIG !!! angebotenen arbeitsrechtlichen Aufhebungsvertrag schauen lassen will ist dies der beste Weg.<\/span><\/p>\n<p>Der rechtsuchende B\u00fcrger oder das rechtsuchende Unternehmen erh\u00e4lt Rechtsrat ohne ein telefonisches oder pers\u00f6nliches Gespr\u00e4ch mit dem Anwalt. spart dar\u00fcber hinaus nicht nur Zeit, sondern auch Fahrtkosten<\/p>\n<p>Dann ist diese Seite der richtige Weg um sich preiswert Rechts- Klarheit und Rechts \u2013 Sicherheit zu verschaffen.<\/p>\n<p>Und wie funktioniert das technisch mit der &#8222;Online-Rechtsberatung&#8220; ???<\/p>\n<p>Wenn Sie mit uns mit der \u00a0&#8222;Online-Rechtsberatung&#8220;<\/p>\n<p><span style=\"font-size: medium;\">Beauftragen wollen, so f<\/span><span style=\"font-family: Verdana; font-size: medium;\">\u00fcllen Sie bitte das nachstehende Formular der &#8222;Online Beratung&#8220; aus und schicken uns dieses. <\/span><\/p>\n<p><span style=\"font-family: Verdana; font-size: medium;\">Nachdem sie dieses abgesandt haben erhalten Sie im Regelfall anschlie\u00dfend innerhalb der n\u00e4chsten 24-48 Stunden, wenn wir es schaffen, nat\u00fcrlich auch eher, eine E-Mail zur\u00fcck, in der wir Ihnen mitteilen, ob der von Ihnen geschilderte Sachverhalt f\u00fcr eine online-Beratung geeignet ist und wir das Mandat annehmen. <\/span><\/p>\n<p><span style=\"font-family: Verdana; font-size: medium;\">Im Falle der Mandats\u00fcbernahme senden wir Ihnen folgende Mitteilungen zur\u00fcck: <\/span><\/p>\n<p><span style=\"font-family: Verdana; font-size: medium;\">1.) Die Best\u00e4tigung, dass wir ihr Mandat annehmen, wodurch der Beratungsvertrag zustande kommt<\/span><\/p>\n<p>2.) Eine Kostenrechnung, die sie umgehend begleichen, wobei sie bei der Zahlung die vierstellige Rechnungsnummer der Kostenrechnung und das Wort Onlineberatung angeben.<\/p>\n<p>F\u00fcr den Fall, dass es sich um einen einfach gelagerten Fall oder eine einfache Rechtsfrage handelt, betragen die Kosten der Beratung 50 EUR.<\/p>\n<p>3.) Sollten wir aber der Auffassung sein dass es etwas komplizierter ist, Recherchen notwendig sind oder aber Einsichtnahme im Schriftverkehr notwendig ist, so teilen wir Ihnen dies rechtzeitig mit und werden Ihnen danach erst die Kosten einer Beratung mitteilen.<\/p>\n<p>4.) Wenn Sie aber Verbraucher (also nicht gewerblich t\u00e4tig sind) sind, so d\u00fcrfen sie versichert sein, dass die gesetzliche H\u00f6chstgrenze von 190 \u20ac+ Mehrwertsteuer , die \u00fcblicherweise Anw\u00e4lte berechnen, von uns nicht voll ausgesch\u00f6pft wird <span style=\"color: #ff0000;\">um Ihnen auch hier entgegenkommen zu k\u00f6nnen.<\/span><\/p>\n<p>5.) Manche Sachverhalte sind jedoch nicht geeignet, mit einer blo\u00dfen Rechtsantwort gel\u00f6st zu werden. Auch das w\u00fcrden wir Ihnen mitteilen und dann die weitere Vorgehensweise mit ihnen absprechen.<\/p>\n<p>6.) Sollten Sie bereits Kosten einer Erstberatung gezahlt haben und sich danach herausstellen, dass der Sachverhalt doch komplexer ist und anwaltliches Vorgehen notwendig sein, so werden selbstverst\u00e4ndlich von uns alle bereits bezahlten Betr\u00e4ge in derselben Sache vollumf\u00e4nglich angerechnet. Aber auch dar\u00fcber w\u00fcrden wir Ihnen zur Transparenz ein Schriftst\u00fcck zukommen lassen.<\/p>\n<p>&nbsp;<\/p>\n<form enctype=\"multipart\/form-data\" method=\"post\" id=\"psfb239\" action=\"https:\/\/anwaltskanzlei-holler.de\/index.php\/online-beauftragung\/quick-rechtsberatung\/\" class=\"planso-form-builder\" data-id=\"239\" data-cnt=\"1\" id=\"planso_forms_239_1\" data-locale=\"de\" data-locale_long=\"de_DE\" data-datepicker=\"bootstrap-datetimepicker\" data-date_format=\"j. F Y\" data-moment_date_format=\"D. MMMM YYYY\" data-jqueryui_date_format=\"d. MM yy\" data-eternicode_date_format=\"d. MM yyyy\"><div class=\"container-fluid\"><input type=\"hidden\" name=\"psfb_pageurl\" value=\"https:\/\/anwaltskanzlei-holler.de\/index.php\/online-beauftragung\/quick-rechtsberatung\/\"\/><input type=\"hidden\" name=\"psfb_userip\" value=\"216.73.217.56\"\/><input type=\"hidden\" name=\"psfb_useragent\" value=\"Mozilla\/5.0 AppleWebKit\/537.36 (KHTML, like Gecko; compatible; ClaudeBot\/1.0; +claudebot@anthropic.com)\"\/><input type=\"hidden\" name=\"psfb_landingpage\" value=\"http:\/\/anwaltskanzlei-holler.de\/index.php\/wp-json\/wp\/v2\/pages\/288\"\/><input type=\"hidden\" name=\"psfb_referer\" value=\"Direct\"\/><input type=\"hidden\" name=\"psfb_page_id\" value=\"288\"\/><input type=\"hidden\" name=\"psfb_form_submit\" value=\"1\"\/><input type=\"hidden\" name=\"psfb_form_id\" value=\"239\"\/><input type=\"hidden\" name=\"psfb_form_cnt\" value=\"1\"\/><div style=\"display:none\"><input type=\"text\" name=\"psfb_hon_as\"\/><\/div><div style=\"display:none\"><input type=\"text\" name=\"psfb_hon_as2\" id=\"psfb_hon_as2_239_1\" value=\"4e3576d758baf049f456051492f6c87b\"\/><\/div><div style=\"display:none\"><input type=\"text\" name=\"psfb_cnt_check\" value=\"1\"\/><\/div><input type=\"hidden\" autocomplete=\"off\" autocorrect=\"off\" name=\"COk-T-fOu-h-m-C-G-y\" value=\"\" \/><div class=\"row\"><div class=\"col-md-12\"><div class=\"form-group psfb-single-container\"><label class=\"control-label\" for=\"psfield_239_1\">Name, Vorname<span class=\"psfb_required_mark\">*<\/span><\/label><input type=\"text\" required=\"required\" data-required=\"required\" name=\"Name__Vorname\" value=\"\" class=\"form-control  \" id=\"psfield_239_1\" style=\"\"\/><\/div><\/div><\/div><div class=\"row\"><div class=\"col-md-12\"><div class=\"form-group psfb-single-container\"><label class=\"control-label\" for=\"psfield_239_2\">Organisation\/Firma<\/label><input type=\"text\" name=\"Organisation_Firma\" value=\"\" class=\"form-control  \" id=\"psfield_239_2\" style=\"\"\/><\/div><\/div><\/div><div class=\"row\"><div class=\"col-md-12\"><div class=\"form-group psfb-single-container\"><label class=\"control-label\" for=\"psfield_239_3\">Stra\u00dfe<span class=\"psfb_required_mark\">*<\/span><\/label><input type=\"text\" required=\"required\" data-required=\"required\" name=\"Stra_e\" value=\"\" class=\"form-control  \" id=\"psfield_239_3\" style=\"\"\/><\/div><\/div><\/div><div class=\"row\"><div class=\"col-md-12\"><div class=\"form-group psfb-single-container\"><label class=\"control-label\" for=\"psfield_239_4\">PLZ<span class=\"psfb_required_mark\">*<\/span><\/label><input type=\"text\" required=\"required\" data-required=\"required\" name=\"PLZ\" value=\"\" class=\"form-control  \" id=\"psfield_239_4\" style=\"\"\/><\/div><\/div><\/div><div class=\"row\"><div class=\"col-md-12\"><div class=\"form-group psfb-single-container\"><label class=\"control-label\" for=\"psfield_239_5\">Ort<span class=\"psfb_required_mark\">*<\/span><\/label><input type=\"text\" required=\"required\" data-required=\"required\" name=\"Ort\" value=\"\" class=\"form-control  \" id=\"psfield_239_5\" style=\"\"\/><\/div><\/div><\/div><div class=\"row\"><div class=\"col-md-12\"><div class=\"form-group psfb-single-container\"><label class=\"control-label\" for=\"psfield_239_6\">E-Mail<span class=\"psfb_required_mark\">*<\/span><\/label><input type=\"email\" required=\"required\" data-required=\"required\" name=\"E_Mail\" value=\"\" class=\"form-control  \" id=\"psfield_239_6\" style=\"\"\/><\/div><\/div><\/div><div class=\"row\"><div class=\"col-md-12\"><div class=\"form-group psfb-single-container\"><label class=\"control-label\" for=\"psfield_239_7\">Telefax<\/label><input type=\"tel\" name=\"Telefax\" value=\"\" class=\"form-control  \" id=\"psfield_239_7\" style=\"\"\/><\/div><\/div><\/div><div class=\"row\"><div class=\"col-md-12\"><div class=\"form-group psfb-single-container\"><label class=\"control-label\" for=\"psfield_239_8\">Telefon<\/label><input type=\"tel\" name=\"Telefon\" value=\"\" class=\"form-control  \" id=\"psfield_239_8\" style=\"\"\/><\/div><\/div><\/div><div class=\"row\"><div class=\"col-md-12\"><div class=\"form-group psfb-single-container\"><label class=\"control-label\" for=\"psfield_239_9\">Ich bin bereits Mandant<span class=\"psfb_required_mark\">*<\/span><\/label><div class=\"radio_wrapper\"><label class=\"radio-inline radio_wrapper\" style=\"\"><input required=\"required\" data-required=\"required\" type=\"radio\" value=\"Ja\" name=\"Ich_bin_bereits_Mandant\" id=\"psfield_239_9_1\">Ja<\/label><label class=\"radio-inline radio_wrapper\" style=\"\"><input required=\"required\" data-required=\"required\" type=\"radio\" value=\"Nein\" name=\"Ich_bin_bereits_Mandant\" id=\"psfield_239_9_2\">Nein<\/label><\/div><\/div><\/div><\/div><div class=\"row\"><div class=\"col-md-12\"><div class=\"form-group psfb-single-container\"><label class=\"control-label\" for=\"psfield_239_10\">Rechtsschutz vorhanden<span class=\"psfb_required_mark\">*<\/span><\/label><div class=\"radio_wrapper\"><label class=\"radio-inline radio_wrapper\" style=\"\"><input required=\"required\" data-required=\"required\" type=\"radio\" value=\"Ja\" name=\"Rechtsschutz_vorhanden\" id=\"psfield_239_10_1\">Ja<\/label><label class=\"radio-inline radio_wrapper\" style=\"\"><input required=\"required\" data-required=\"required\" type=\"radio\" value=\"Nein\" name=\"Rechtsschutz_vorhanden\" id=\"psfield_239_10_2\">Nein<\/label><\/div><\/div><\/div><\/div><div class=\"row\"><div class=\"col-md-12\"><div class=\"form-group psfb-single-container\"><label class=\"control-label\" for=\"psfield_239_11\">Ich habe die Datenschutzerkl\u00e4rung gelesen und verstanden<span class=\"psfb_required_mark\">*<\/span><\/label><div class=\"radio_wrapper\"><label class=\"radio-inline radio_wrapper\" style=\"\"><input required=\"required\" data-required=\"required\" type=\"radio\" value=\"Ja\" name=\"Ich_habe_die_Datenschutzerkl_rung_gelesen_und_verstanden\" id=\"psfield_239_11_1\">Ja<\/label><label class=\"radio-inline radio_wrapper\" style=\"\"><input required=\"required\" data-required=\"required\" type=\"radio\" value=\"Nein\" name=\"Ich_habe_die_Datenschutzerkl_rung_gelesen_und_verstanden\" id=\"psfield_239_11_2\">Nein<\/label><\/div><\/div><\/div><\/div><div class=\"row\"><div class=\"col-md-12\"><div class=\"form-group psfb-single-container\"><label class=\"control-label\" for=\"psfield_239_12\">Sachverhalt<span class=\"psfb_required_mark\">*<\/span><\/label><textarea required=\"required\" data-required=\"required\" name=\"Sachverhalt\" class=\"form-control  \" id=\"psfield_239_12\" style=\"\"><\/textarea><\/div><\/div><\/div><div class=\"row\"><div class=\"col-md-12\"><div class=\"form-group psfb-single-container\"><label class=\"control-label\" for=\"psfield_239_13\">Frage<span class=\"psfb_required_mark\">*<\/span><\/label><textarea required=\"required\" data-required=\"required\" name=\"Frage\" class=\"form-control  \" id=\"psfield_239_13\" style=\"\"><\/textarea><\/div><\/div><\/div><div class=\"row\"><div class=\"col-md-12\"><div class=\"form-group psfb-single-container\"><label class=\"control-label\" for=\"psfield_239_14\">Ich habe die Allgemeinen Gesch\u00e4ftsbedingungen f\u00fcr eine Online-Rechtsberatung gelesen und verstanden<span class=\"psfb_required_mark\">*<\/span><\/label><div class=\"radio_wrapper\"><label class=\"radio-inline radio_wrapper\" style=\"\"><input required=\"required\" data-required=\"required\" type=\"radio\" value=\"Ja\" name=\"Ich_habe_die_Allgemeinen_Gesch_ftsbedingungen_f_r_eine_Online_Rechtsberatung_gelesen_und_verstanden\" id=\"psfield_239_14_1\">Ja<\/label><label class=\"radio-inline radio_wrapper\" style=\"\"><input required=\"required\" data-required=\"required\" type=\"radio\" value=\"Nein\" name=\"Ich_habe_die_Allgemeinen_Gesch_ftsbedingungen_f_r_eine_Online_Rechtsberatung_gelesen_und_verstanden\" id=\"psfield_239_14_2\">Nein<\/label><\/div><p class=\"help-block\">AGB &amp; Widerrufsrecht finden Sie <a href=\"http:\/\/www.ra-holler.de\/index.php\/online-beauftragung\/agb-widerrufsrecht\/\">hier<\/a>.<\/p><\/div><\/div><\/div><div class=\"row\"><div class=\"col-md-12\"><div class=\"form-group psfb-single-container\"><label class=\"control-label\" for=\"psfield_239_15\">Ich habe die Widerrufsbelehrung f\u00fcr Verbraucher i.S. des \u00a7 13 BGB gelesen und meine Rechte verstanden<span class=\"psfb_required_mark\">*<\/span><\/label><div class=\"radio_wrapper\"><label class=\"radio-inline radio_wrapper\" style=\"\"><input required=\"required\" data-required=\"required\" type=\"radio\" value=\"Ja\" name=\"Ich_habe_die_Widerrufsbelehrung_f_r_Verbraucher_i_S__des___13_BGB_gelesen_und_meine_Rechte_verstanden\" id=\"psfield_239_15_1\">Ja<\/label><label class=\"radio-inline radio_wrapper\" style=\"\"><input required=\"required\" data-required=\"required\" type=\"radio\" value=\"Nein\" name=\"Ich_habe_die_Widerrufsbelehrung_f_r_Verbraucher_i_S__des___13_BGB_gelesen_und_meine_Rechte_verstanden\" id=\"psfield_239_15_2\">Nein<\/label><\/div><p class=\"help-block\">AGB &amp; Widerrufsrecht finden Sie <a href=\"http:\/\/www.ra-holler.de\/index.php\/online-beauftragung\/agb-widerrufsrecht\/\">hier<\/a>.<\/p><\/div><\/div><\/div><div class=\"row\"><div class=\"col-md-12\"><div class=\"form-group psfb-single-container\"><div style=\"position:relative;z-index:1;\"><button type=\"submit\" class=\"btn btn-primary    \" id=\"psfield_239_16\" style=\"\">Senden<\/button><\/div><\/div><\/div><\/div><\/div><\/form>\n","protected":false},"excerpt":{"rendered":"<p>Sie haben ein rechtliches Problem und wollen die Meinung eines Rechtsanwaltes wissen, ohne gleich ein \u201eErstberatungsgespr\u00e4ch\u201c von \u00fcber 200 EUR bei einem Ihnen unbekannten Anwalt zahlen zu m\u00fcssen und\u00a0dabei wom\u00f6glich noch zwei Wochen auf einen Termin zu warten. Die Online-Rechtsberatung ist eine neu Art des anwaltlichen Beratungsgespr\u00e4chs \u00a0bei der der&#8230;<\/p>\n","protected":false},"author":1,"featured_media":0,"parent":54,"menu_order":7,"comment_status":"closed","ping_status":"closed","template":"","meta":{"footnotes":""},"class_list":["post-288","page","type-page","status-publish","hentry"],"_links":{"self":[{"href":"https:\/\/anwaltskanzlei-holler.de\/index.php\/wp-json\/wp\/v2\/pages\/288","targetHints":{"allow":["GET"]}}],"collection":[{"href":"https:\/\/anwaltskanzlei-holler.de\/index.php\/wp-json\/wp\/v2\/pages"}],"about":[{"href":"https:\/\/anwaltskanzlei-holler.de\/index.php\/wp-json\/wp\/v2\/types\/page"}],"author":[{"embeddable":true,"href":"https:\/\/anwaltskanzlei-holler.de\/index.php\/wp-json\/wp\/v2\/users\/1"}],"replies":[{"embeddable":true,"href":"https:\/\/anwaltskanzlei-holler.de\/index.php\/wp-json\/wp\/v2\/comments?post=288"}],"version-history":[{"count":5,"href":"https:\/\/anwaltskanzlei-holler.de\/index.php\/wp-json\/wp\/v2\/pages\/288\/revisions"}],"predecessor-version":[{"id":330,"href":"https:\/\/anwaltskanzlei-holler.de\/index.php\/wp-json\/wp\/v2\/pages\/288\/revisions\/330"}],"up":[{"embeddable":true,"href":"https:\/\/anwaltskanzlei-holler.de\/index.php\/wp-json\/wp\/v2\/pages\/54"}],"wp:attachment":[{"href":"https:\/\/anwaltskanzlei-holler.de\/index.php\/wp-json\/wp\/v2\/media?parent=288"}],"curies":[{"name":"wp","href":"https:\/\/api.w.org\/{rel}","templated":true}]}}